{"id":16,"date":"2025-04-01T15:57:56","date_gmt":"2025-04-01T15:57:56","guid":{"rendered":"https:\/\/lea.ipb.ac.rs\/?page_id=16"},"modified":"2026-03-26T08:41:23","modified_gmt":"2026-03-26T08:41:23","slug":"home","status":"publish","type":"page","link":"https:\/\/lea.ipb.ac.rs\/","title":{"rendered":"Po\u010detna"},"content":{"rendered":"\n<div class=\"wp-block-cover alignfull\" style=\"min-height:720px;aspect-ratio:unset;\"><span aria-hidden=\"true\" class=\"wp-block-cover__background has-background-dim-100 has-background-dim has-background-gradient has-pale-ocean-gradient-background\"><\/span><div class=\"wp-block-cover__inner-container is-layout-flow wp-block-cover-is-layout-flow\">\n<div class=\"inherit-container-width wp-block-group alignwide is-layout-constrained wp-block-group-is-layout-constrained\">\n<div class=\"wp-block-media-text alignwide has-media-on-the-right is-stacked-on-mobile is-vertically-aligned-center\" style=\"grid-template-columns:auto 43%\"><div class=\"wp-block-media-text__content\">\n<h1 class=\"wp-block-heading has-text-align-left has-white-color has-text-color\">Dobrodo\u0161li<\/h1>\n\n\n\n<p class=\"has-white-color has-text-color\">Uplovite u svet astrobiologije!<\/p>\n\n\n\n<div class=\"wp-block-buttons is-layout-flex wp-block-buttons-is-layout-flex\">\n<div class=\"wp-block-button\"><a class=\"wp-block-button__link wp-element-button\" href=\"https:\/\/lea.ipb.ac.rs\/index.php\/vesti\/\">Vesti<\/a><\/div>\n<\/div>\n<\/div><figure class=\"wp-block-media-text__media\"><img loading=\"lazy\" decoding=\"async\" width=\"500\" height=\"500\" src=\"https:\/\/lea.ipb.ac.rs\/wp-content\/uploads\/2025\/04\/Blue-Minimal-Bold-Astronomy-Logo.svg\" alt=\"\" class=\"wp-image-107 size-full\"\/><\/figure><\/div>\n<\/div>\n<\/div><\/div>\n\n\n\n<div class=\"wp-block-group alignfull is-layout-constrained wp-container-core-group-is-layout-45b0ac4f wp-block-group-is-layout-constrained\" id=\"services\" style=\"padding-top:144px;padding-bottom:0px\">\n<h2 class=\"wp-block-heading\"><\/h2>\n\n\n\n<div class=\"wp-block-columns is-layout-flex wp-container-core-columns-is-layout-60cbf9bb wp-block-columns-is-layout-flex\" style=\"margin-top:50px\">\n<div class=\"wp-block-column is-layout-flow wp-container-core-column-is-layout-6b73ce23 wp-block-column-is-layout-flow\">\n<figure class=\"wp-block-image size-full\"><img loading=\"lazy\" decoding=\"async\" width=\"1080\" height=\"1080\" src=\"https:\/\/lea.ipb.ac.rs\/wp-content\/uploads\/2025\/04\/1-1.jpg\" alt=\"\" class=\"wp-image-42\" srcset=\"https:\/\/lea.ipb.ac.rs\/wp-content\/uploads\/2025\/04\/1-1.jpg 1080w, https:\/\/lea.ipb.ac.rs\/wp-content\/uploads\/2025\/04\/1-1-300x300.jpg 300w, https:\/\/lea.ipb.ac.rs\/wp-content\/uploads\/2025\/04\/1-1-1024x1024.jpg 1024w, https:\/\/lea.ipb.ac.rs\/wp-content\/uploads\/2025\/04\/1-1-150x150.jpg 150w, https:\/\/lea.ipb.ac.rs\/wp-content\/uploads\/2025\/04\/1-1-768x768.jpg 768w\" sizes=\"auto, (max-width: 1080px) 100vw, 1080px\" \/><\/figure>\n\n\n\n<h3 class=\"wp-block-heading has-text-align-center\" style=\"margin-top:16px\">Lokacija <\/h3>\n\n\n\n<p class=\"has-text-align-center\">Pregrevica 118, 11080 Beograd <\/p>\n\n\n\n<p class=\"has-text-align-center\">Republika Srbija<\/p>\n<\/div>\n\n\n\n<div class=\"wp-block-column is-layout-flow wp-container-core-column-is-layout-6b73ce23 wp-block-column-is-layout-flow\">\n<figure class=\"wp-block-image size-full\"><img loading=\"lazy\" decoding=\"async\" width=\"1080\" height=\"1080\" src=\"https:\/\/lea.ipb.ac.rs\/wp-content\/uploads\/2025\/04\/2-1.jpg\" alt=\"\" class=\"wp-image-43\" srcset=\"https:\/\/lea.ipb.ac.rs\/wp-content\/uploads\/2025\/04\/2-1.jpg 1080w, https:\/\/lea.ipb.ac.rs\/wp-content\/uploads\/2025\/04\/2-1-300x300.jpg 300w, https:\/\/lea.ipb.ac.rs\/wp-content\/uploads\/2025\/04\/2-1-1024x1024.jpg 1024w, https:\/\/lea.ipb.ac.rs\/wp-content\/uploads\/2025\/04\/2-1-150x150.jpg 150w, https:\/\/lea.ipb.ac.rs\/wp-content\/uploads\/2025\/04\/2-1-768x768.jpg 768w\" sizes=\"auto, (max-width: 1080px) 100vw, 1080px\" \/><\/figure>\n\n\n\n<h3 class=\"wp-block-heading has-text-align-center\" style=\"margin-top:16px\">Institucija<\/h3>\n\n\n\n<p class=\"has-text-align-center\"><a href=\"https:\/\/www.ipb.ac.rs\/\" data-type=\"link\" data-id=\"https:\/\/www.ipb.ac.rs\/\">Institut za fiziku<\/a><\/p>\n\n\n\n<p class=\"has-text-align-center\">Institut od nacionalnog zna\u010daja za Republiku Srbiju<\/p>\n<\/div>\n\n\n\n<div class=\"wp-block-column is-layout-flow wp-container-core-column-is-layout-6b73ce23 wp-block-column-is-layout-flow\">\n<figure class=\"wp-block-image size-full\"><img loading=\"lazy\" decoding=\"async\" width=\"1080\" height=\"1080\" src=\"https:\/\/lea.ipb.ac.rs\/wp-content\/uploads\/2025\/04\/3-1.jpg\" alt=\"\" class=\"wp-image-44\" srcset=\"https:\/\/lea.ipb.ac.rs\/wp-content\/uploads\/2025\/04\/3-1.jpg 1080w, https:\/\/lea.ipb.ac.rs\/wp-content\/uploads\/2025\/04\/3-1-300x300.jpg 300w, https:\/\/lea.ipb.ac.rs\/wp-content\/uploads\/2025\/04\/3-1-1024x1024.jpg 1024w, https:\/\/lea.ipb.ac.rs\/wp-content\/uploads\/2025\/04\/3-1-150x150.jpg 150w, https:\/\/lea.ipb.ac.rs\/wp-content\/uploads\/2025\/04\/3-1-768x768.jpg 768w\" sizes=\"auto, (max-width: 1080px) 100vw, 1080px\" \/><\/figure>\n\n\n\n<h3 class=\"wp-block-heading has-text-align-center\" style=\"margin-top:16px\">Broj \u010dlanova<\/h3>\n\n\n\n<p class=\"has-text-align-center\"><a href=\"https:\/\/lea.ipb.ac.rs\/index.php\/o-nama\/\" data-type=\"link\" data-id=\"https:\/\/lea.ipb.ac.rs\/index.php\/o-nama\/\">5<\/a><\/p>\n<\/div>\n<\/div>\n<\/div>\n\n\n\n<div class=\"wp-block-group alignfull is-layout-constrained wp-container-core-group-is-layout-6a2cfb7b wp-block-group-is-layout-constrained\" id=\"reviews\">\n<p class=\"has-text-align-center\" style=\"font-size:22px;line-height:1.6\"><mark style=\"background-color:rgba(0, 0, 0, 0)\" class=\"has-inline-color has-ast-global-color-3-color\">\u201c<em>Somewhere, something incredible is waiting to be known<\/em>.\u201d<\/mark><\/p>\n\n\n\n<p class=\"has-text-align-center\"><strong><mark style=\"background-color:rgba(0, 0, 0, 0)\" class=\"has-inline-color has-ast-global-color-3-color\">Carl Sagan<\/mark><\/strong><\/p>\n<\/div>\n\n\n\n<div class=\"wp-block-group alignfull has-pale-ocean-gradient-background has-background is-layout-constrained wp-container-core-group-is-layout-cfcca693 wp-block-group-is-layout-constrained\" id=\"contact\" style=\"padding-top:104px;padding-bottom:104px\">\n<h4 class=\"wp-block-heading has-text-align-center has-text-color\" style=\"color:#ffffff\">Prona\u0111ite nas i na dru\u0161tvenim mre\u017eama<\/h4>\n\n\n\n<div class=\"wp-block-buttons alignwide is-horizontal is-content-justification-center is-layout-flex wp-container-core-buttons-is-layout-bba8380a wp-block-buttons-is-layout-flex\" style=\"margin-top:50px\">\n<div class=\"wp-block-button\"><a class=\"wp-block-button__link wp-element-button\" href=\"https:\/\/lea.ipb.ac.rs\/index.php\/drustvene-mreze\/\">Dru\u0161tvene mre\u017ee<\/a><\/div>\n<\/div>\n<\/div>\n\n\n\n<p><\/p>\n","protected":false},"excerpt":{"rendered":"<p>Lokacija Pregrevica 118, 11080 Beograd Republika Srbija Institucija Institut za fiziku Institut od nacionalnog zna\u010daja za Republiku Srbiju Broj \u010dlanova [&hellip;]<\/p>\n","protected":false},"author":1,"featured_media":0,"parent":0,"menu_order":0,"comment_status":"closed","ping_status":"closed","template":"","meta":{"_acf_changed":false,"inline_featured_image":false,"site-sidebar-layout":"no-sidebar","site-content-layout":"plain-container","ast-site-content-layout":"default","site-content-style":"default","site-sidebar-style":"default","ast-global-header-display":"","ast-banner-title-visibility":"","ast-main-header-display":"","ast-hfb-above-header-display":"","ast-hfb-below-header-display":"","ast-hfb-mobile-header-display":"","site-post-title":"disabled","ast-breadcrumbs-content":"","ast-featured-img":"","footer-sml-layout":"","theme-transparent-header-meta":"enabled","adv-header-id-meta":"","stick-header-meta":"","header-above-stick-meta":"","header-main-stick-meta":"","header-below-stick-meta":"","astra-migrate-meta-layouts":"default","ast-page-background-enabled":"default","ast-page-background-meta":{"desktop":{"background-color":"var(--ast-global-color-5)","background-image":"","background-repeat":"repeat","background-position":"center center","background-size":"auto","background-attachment":"scroll","background-type":"","background-media":"","overlay-type":"","overlay-color":"","overlay-opacity":"","overlay-gradient":""},"tablet":{"background-color":"","background-image":"","background-repeat":"repeat","background-position":"center center","background-size":"auto","background-attachment":"scroll","background-type":"","background-media":"","overlay-type":"","overlay-color":"","overlay-opacity":"","overlay-gradient":""},"mobile":{"background-color":"","background-image":"","background-repeat":"repeat","background-position":"center center","background-size":"auto","background-attachment":"scroll","background-type":"","background-media":"","overlay-type":"","overlay-color":"","overlay-opacity":"","overlay-gradient":""}},"ast-content-background-meta":{"desktop":{"background-color":"var(--ast-global-color-4)","background-image":"","background-repeat":"repeat","background-position":"center center","background-size":"auto","background-attachment":"scroll","background-type":"","background-media":"","overlay-type":"","overlay-color":"","overlay-opacity":"","overlay-gradient":""},"tablet":{"background-color":"var(--ast-global-color-4)","background-image":"","background-repeat":"repeat","background-position":"center center","background-size":"auto","background-attachment":"scroll","background-type":"","background-media":"","overlay-type":"","overlay-color":"","overlay-opacity":"","overlay-gradient":""},"mobile":{"background-color":"var(--ast-global-color-4)","background-image":"","background-repeat":"repeat","background-position":"center center","background-size":"auto","background-attachment":"scroll","background-type":"","background-media":"","overlay-type":"","overlay-color":"","overlay-opacity":"","overlay-gradient":""}},"footnotes":""},"class_list":["post-16","page","type-page","status-publish","hentry"],"acf":[],"_links":{"self":[{"href":"https:\/\/lea.ipb.ac.rs\/index.php\/wp-json\/wp\/v2\/pages\/16","targetHints":{"allow":["GET"]}}],"collection":[{"href":"https:\/\/lea.ipb.ac.rs\/index.php\/wp-json\/wp\/v2\/pages"}],"about":[{"href":"https:\/\/lea.ipb.ac.rs\/index.php\/wp-json\/wp\/v2\/types\/page"}],"author":[{"embeddable":true,"href":"https:\/\/lea.ipb.ac.rs\/index.php\/wp-json\/wp\/v2\/users\/1"}],"replies":[{"embeddable":true,"href":"https:\/\/lea.ipb.ac.rs\/index.php\/wp-json\/wp\/v2\/comments?post=16"}],"version-history":[{"count":13,"href":"https:\/\/lea.ipb.ac.rs\/index.php\/wp-json\/wp\/v2\/pages\/16\/revisions"}],"predecessor-version":[{"id":461,"href":"https:\/\/lea.ipb.ac.rs\/index.php\/wp-json\/wp\/v2\/pages\/16\/revisions\/461"}],"wp:attachment":[{"href":"https:\/\/lea.ipb.ac.rs\/index.php\/wp-json\/wp\/v2\/media?parent=16"}],"curies":[{"name":"wp","href":"https:\/\/api.w.org\/{rel}","templated":true}]}}