{"id":171,"date":"2025-11-26T18:47:07","date_gmt":"2025-11-26T18:47:07","guid":{"rendered":"https:\/\/lea.ipb.ac.rs\/?page_id=171"},"modified":"2026-01-06T11:27:19","modified_gmt":"2026-01-06T11:27:19","slug":"projekti","status":"publish","type":"page","link":"https:\/\/lea.ipb.ac.rs\/index.php\/projekti\/","title":{"rendered":"Projekti"},"content":{"rendered":"\n<figure class=\"wp-block-embed is-type-wp-embed is-provider-laboratorija-za-eksperimentalnu-astrobiologiju-lea wp-block-embed-laboratorija-za-eksperimentalnu-astrobiologiju-lea\"><div class=\"wp-block-embed__wrapper\">\n<blockquote class=\"wp-embedded-content\" data-secret=\"WOx52scmu0\"><a href=\"https:\/\/lea.ipb.ac.rs\/index.php\/2025\/11\/26\/bactnanocoat\/\">BactNanoCoat &#8211; Sustainable antifungal coating from bacteria-derived PHBV, BCNW, and iron nanoparticles<\/a><\/blockquote><iframe loading=\"lazy\" class=\"wp-embedded-content\" sandbox=\"allow-scripts\" security=\"restricted\" style=\"position: absolute; visibility: hidden;\" title=\"&#8220;BactNanoCoat &#8211; Sustainable antifungal coating from bacteria-derived PHBV, BCNW, and iron nanoparticles&#8221; &#8212; Laboratorija za eksperimentalnu astrobiologiju - LEA\" src=\"https:\/\/lea.ipb.ac.rs\/index.php\/2025\/11\/26\/bactnanocoat\/embed\/#?secret=O3OpGLzd8r#?secret=WOx52scmu0\" data-secret=\"WOx52scmu0\" width=\"500\" height=\"282\" frameborder=\"0\" marginwidth=\"0\" marginheight=\"0\" scrolling=\"no\"><\/iframe>\n<\/div><\/figure>\n\n\n\n<figure class=\"wp-block-embed is-type-wp-embed is-provider-laboratorija-za-eksperimentalnu-astrobiologiju-lea wp-block-embed-laboratorija-za-eksperimentalnu-astrobiologiju-lea\"><div class=\"wp-block-embed__wrapper\">\n<blockquote class=\"wp-embedded-content\" data-secret=\"ttwFc73TW7\"><a href=\"https:\/\/lea.ipb.ac.rs\/index.php\/2025\/11\/26\/zamisli-istrazi-dokazi-zivot-van-zemlje\/\">&#8220;Zamisli, istra\u017ei, doka\u017ei &#8211; \u017eivot van Zemlje&#8221;<\/a><\/blockquote><iframe loading=\"lazy\" class=\"wp-embedded-content\" sandbox=\"allow-scripts\" security=\"restricted\" style=\"position: absolute; visibility: hidden;\" title=\"&#8220;&#8220;Zamisli, istra\u017ei, doka\u017ei &#8211; \u017eivot van Zemlje&#8221;&#8221; &#8212; Laboratorija za eksperimentalnu astrobiologiju - LEA\" src=\"https:\/\/lea.ipb.ac.rs\/index.php\/2025\/11\/26\/zamisli-istrazi-dokazi-zivot-van-zemlje\/embed\/#?secret=PemJGt8OJr#?secret=ttwFc73TW7\" data-secret=\"ttwFc73TW7\" width=\"500\" height=\"282\" frameborder=\"0\" marginwidth=\"0\" marginheight=\"0\" scrolling=\"no\"><\/iframe>\n<\/div><\/figure>\n\n\n\n<figure class=\"wp-block-embed is-type-wp-embed is-provider-laboratorija-za-eksperimentalnu-astrobiologiju-lea wp-block-embed-laboratorija-za-eksperimentalnu-astrobiologiju-lea\"><div class=\"wp-block-embed__wrapper\">\n<blockquote class=\"wp-embedded-content\" data-secret=\"nPCNc17ylZ\"><a href=\"https:\/\/lea.ipb.ac.rs\/index.php\/2025\/12\/04\/culturomics-approach-employed-in-isolation-of-extremophiles\/\">&#8220;Culturomics approach employed in isolation of extremophiles&#8221;<\/a><\/blockquote><iframe loading=\"lazy\" class=\"wp-embedded-content\" sandbox=\"allow-scripts\" security=\"restricted\" style=\"position: absolute; visibility: hidden;\" title=\"&#8220;&#8220;Culturomics approach employed in isolation of extremophiles&#8221;&#8221; &#8212; Laboratorija za eksperimentalnu astrobiologiju - LEA\" src=\"https:\/\/lea.ipb.ac.rs\/index.php\/2025\/12\/04\/culturomics-approach-employed-in-isolation-of-extremophiles\/embed\/#?secret=pjm198wN4a#?secret=nPCNc17ylZ\" data-secret=\"nPCNc17ylZ\" width=\"500\" height=\"282\" frameborder=\"0\" marginwidth=\"0\" marginheight=\"0\" scrolling=\"no\"><\/iframe>\n<\/div><\/figure>\n\n\n\n<figure class=\"wp-block-embed is-type-wp-embed is-provider-laboratorija-za-eksperimentalnu-astrobiologiju-lea wp-block-embed-laboratorija-za-eksperimentalnu-astrobiologiju-lea\"><div class=\"wp-block-embed__wrapper\">\n<blockquote class=\"wp-embedded-content\" data-secret=\"9C3fNsBC8p\"><a href=\"https:\/\/lea.ipb.ac.rs\/index.php\/2025\/12\/02\/optimizacija-primene-bakterija-u-sintezi-bionanocestica-gvozda\/\">\u201eOptimizacija primene bakterija u sintezi bionano\u010destica gvo\u017e\u0111a\u201c<\/a><\/blockquote><iframe loading=\"lazy\" class=\"wp-embedded-content\" sandbox=\"allow-scripts\" security=\"restricted\" style=\"position: absolute; visibility: hidden;\" title=\"&#8220;\u201eOptimizacija primene bakterija u sintezi bionano\u010destica gvo\u017e\u0111a\u201c&#8221; &#8212; Laboratorija za eksperimentalnu astrobiologiju - LEA\" src=\"https:\/\/lea.ipb.ac.rs\/index.php\/2025\/12\/02\/optimizacija-primene-bakterija-u-sintezi-bionanocestica-gvozda\/embed\/#?secret=jRuS4TWWV2#?secret=9C3fNsBC8p\" data-secret=\"9C3fNsBC8p\" width=\"500\" height=\"282\" frameborder=\"0\" marginwidth=\"0\" marginheight=\"0\" scrolling=\"no\"><\/iframe>\n<\/div><\/figure>\n\n\n\n<p><\/p>\n","protected":false},"excerpt":{"rendered":"","protected":false},"author":1,"featured_media":0,"parent":0,"menu_order":0,"comment_status":"closed","ping_status":"closed","template":"","meta":{"_acf_changed":false,"inline_featured_image":false,"site-sidebar-layout":"default","site-content-layout":"","ast-site-content-layout":"","site-content-style":"default","site-sidebar-style":"default","ast-global-header-display":"","ast-banner-title-visibility":"","ast-main-header-display":"","ast-hfb-above-header-display":"","ast-hfb-below-header-display":"","ast-hfb-mobile-header-display":"","site-post-title":"disabled","ast-breadcrumbs-content":"","ast-featured-img":"","footer-sml-layout":"","theme-transparent-header-meta":"","adv-header-id-meta":"","stick-header-meta":"","header-above-stick-meta":"","header-main-stick-meta":"","header-below-stick-meta":"","astra-migrate-meta-layouts":"default","ast-page-background-enabled":"default","ast-page-background-meta":{"desktop":{"background-color":"var(--ast-global-color-5)","background-image":"","background-repeat":"repeat","background-position":"center center","background-size":"auto","background-attachment":"scroll","background-type":"","background-media":"","overlay-type":"","overlay-color":"","overlay-opacity":"","overlay-gradient":""},"tablet":{"background-color":"","background-image":"","background-repeat":"repeat","background-position":"center center","background-size":"auto","background-attachment":"scroll","background-type":"","background-media":"","overlay-type":"","overlay-color":"","overlay-opacity":"","overlay-gradient":""},"mobile":{"background-color":"","background-image":"","background-repeat":"repeat","background-position":"center center","background-size":"auto","background-attachment":"scroll","background-type":"","background-media":"","overlay-type":"","overlay-color":"","overlay-opacity":"","overlay-gradient":""}},"ast-content-background-meta":{"desktop":{"background-color":"var(--ast-global-color-4)","background-image":"","background-repeat":"repeat","background-position":"center center","background-size":"auto","background-attachment":"scroll","background-type":"","background-media":"","overlay-type":"","overlay-color":"","overlay-opacity":"","overlay-gradient":""},"tablet":{"background-color":"var(--ast-global-color-4)","background-image":"","background-repeat":"repeat","background-position":"center center","background-size":"auto","background-attachment":"scroll","background-type":"","background-media":"","overlay-type":"","overlay-color":"","overlay-opacity":"","overlay-gradient":""},"mobile":{"background-color":"var(--ast-global-color-4)","background-image":"","background-repeat":"repeat","background-position":"center center","background-size":"auto","background-attachment":"scroll","background-type":"","background-media":"","overlay-type":"","overlay-color":"","overlay-opacity":"","overlay-gradient":""}},"footnotes":""},"class_list":["post-171","page","type-page","status-publish","hentry"],"acf":[],"_links":{"self":[{"href":"https:\/\/lea.ipb.ac.rs\/index.php\/wp-json\/wp\/v2\/pages\/171","targetHints":{"allow":["GET"]}}],"collection":[{"href":"https:\/\/lea.ipb.ac.rs\/index.php\/wp-json\/wp\/v2\/pages"}],"about":[{"href":"https:\/\/lea.ipb.ac.rs\/index.php\/wp-json\/wp\/v2\/types\/page"}],"author":[{"embeddable":true,"href":"https:\/\/lea.ipb.ac.rs\/index.php\/wp-json\/wp\/v2\/users\/1"}],"replies":[{"embeddable":true,"href":"https:\/\/lea.ipb.ac.rs\/index.php\/wp-json\/wp\/v2\/comments?post=171"}],"version-history":[{"count":7,"href":"https:\/\/lea.ipb.ac.rs\/index.php\/wp-json\/wp\/v2\/pages\/171\/revisions"}],"predecessor-version":[{"id":201,"href":"https:\/\/lea.ipb.ac.rs\/index.php\/wp-json\/wp\/v2\/pages\/171\/revisions\/201"}],"wp:attachment":[{"href":"https:\/\/lea.ipb.ac.rs\/index.php\/wp-json\/wp\/v2\/media?parent=171"}],"curies":[{"name":"wp","href":"https:\/\/api.w.org\/{rel}","templated":true}]}}