{"id":450,"date":"2026-03-26T08:05:38","date_gmt":"2026-03-26T08:05:38","guid":{"rendered":"https:\/\/lea.ipb.ac.rs\/?page_id=450"},"modified":"2026-04-27T19:10:24","modified_gmt":"2026-04-27T19:10:24","slug":"zamisli-istrazi-dokazi-zivot-van-zemlje","status":"publish","type":"page","link":"https:\/\/lea.ipb.ac.rs\/index.php\/zamisli-istrazi-dokazi-zivot-van-zemlje\/","title":{"rendered":"&#8220;Zamisli, istra\u017ei, doka\u017ei &#8211; \u017eivot van  Zemlje&#8221;"},"content":{"rendered":"\n<p>Na ovoj stranici mo\u017eete prona\u0107i sve aktuelne informacije i novosti u vezi sa projektom, uklju\u010duju\u0107i najave izlo\u017ebi, doga\u0111aja i prate\u0107ih aktivnosti!<\/p>\n\n\n\n<figure class=\"wp-block-embed is-type-wp-embed is-provider-laboratorija-za-eksperimentalnu-astrobiologiju-lea wp-block-embed-laboratorija-za-eksperimentalnu-astrobiologiju-lea\"><div class=\"wp-block-embed__wrapper\">\n<blockquote class=\"wp-embedded-content\" data-secret=\"ZWawW83N4B\"><a href=\"https:\/\/lea.ipb.ac.rs\/index.php\/2026\/04\/27\/scifi-u-scifa-od-naucne-fantastike-do-naucnih-cinjenjica\/\">&#8220;SciFi u SciFa &#8211; od nau\u010dne fantastike do nau\u010dnih \u010dinjenjica&#8221;<\/a><\/blockquote><iframe loading=\"lazy\" class=\"wp-embedded-content\" sandbox=\"allow-scripts\" security=\"restricted\" style=\"position: absolute; visibility: hidden;\" title=\"&#8220;&#8220;SciFi u SciFa &#8211; od nau\u010dne fantastike do nau\u010dnih \u010dinjenjica&#8221;&#8221; &#8212; Laboratorija za eksperimentalnu astrobiologiju - LEA\" src=\"https:\/\/lea.ipb.ac.rs\/index.php\/2026\/04\/27\/scifi-u-scifa-od-naucne-fantastike-do-naucnih-cinjenjica\/embed\/#?secret=IDO7idvxef#?secret=ZWawW83N4B\" data-secret=\"ZWawW83N4B\" width=\"500\" height=\"282\" frameborder=\"0\" marginwidth=\"0\" marginheight=\"0\" scrolling=\"no\"><\/iframe>\n<\/div><\/figure>\n\n\n\n<figure class=\"wp-block-embed is-type-wp-embed is-provider-laboratorija-za-eksperimentalnu-astrobiologiju-lea wp-block-embed-laboratorija-za-eksperimentalnu-astrobiologiju-lea\"><div class=\"wp-block-embed__wrapper\">\n<blockquote class=\"wp-embedded-content\" data-secret=\"6yAKrDWAYe\"><a href=\"https:\/\/lea.ipb.ac.rs\/index.php\/2026\/03\/26\/poziv-za-volontere\/\">Poziv za volontere<\/a><\/blockquote><iframe loading=\"lazy\" class=\"wp-embedded-content\" sandbox=\"allow-scripts\" security=\"restricted\" style=\"position: absolute; visibility: hidden;\" title=\"&#8220;Poziv za volontere&#8221; &#8212; Laboratorija za eksperimentalnu astrobiologiju - LEA\" src=\"https:\/\/lea.ipb.ac.rs\/index.php\/2026\/03\/26\/poziv-za-volontere\/embed\/#?secret=KW0wBCwe1y#?secret=6yAKrDWAYe\" data-secret=\"6yAKrDWAYe\" width=\"500\" height=\"282\" frameborder=\"0\" marginwidth=\"0\" marginheight=\"0\" scrolling=\"no\"><\/iframe>\n<\/div><\/figure>\n\n\n\n<figure class=\"wp-block-embed is-type-wp-embed is-provider-laboratorija-za-eksperimentalnu-astrobiologiju-lea wp-block-embed-laboratorija-za-eksperimentalnu-astrobiologiju-lea\"><div class=\"wp-block-embed__wrapper\">\n<blockquote class=\"wp-embedded-content\" data-secret=\"WrsiWN4omt\"><a href=\"https:\/\/lea.ipb.ac.rs\/index.php\/2026\/04\/08\/termini-izlozbi\/\">Termini izlo\u017ebi<\/a><\/blockquote><iframe loading=\"lazy\" class=\"wp-embedded-content\" sandbox=\"allow-scripts\" security=\"restricted\" style=\"position: absolute; visibility: hidden;\" title=\"&#8220;Termini izlo\u017ebi&#8221; &#8212; Laboratorija za eksperimentalnu astrobiologiju - LEA\" src=\"https:\/\/lea.ipb.ac.rs\/index.php\/2026\/04\/08\/termini-izlozbi\/embed\/#?secret=1U6vbWwhrc#?secret=WrsiWN4omt\" data-secret=\"WrsiWN4omt\" width=\"500\" height=\"282\" frameborder=\"0\" marginwidth=\"0\" marginheight=\"0\" scrolling=\"no\"><\/iframe>\n<\/div><\/figure>\n\n\n\n<figure class=\"wp-block-embed is-type-wp-embed is-provider-laboratorija-za-eksperimentalnu-astrobiologiju-lea wp-block-embed-laboratorija-za-eksperimentalnu-astrobiologiju-lea\"><div class=\"wp-block-embed__wrapper\">\n<blockquote class=\"wp-embedded-content\" data-secret=\"0uW48o9wEn\"><a href=\"https:\/\/lea.ipb.ac.rs\/index.php\/2026\/04\/27\/beograd-dom-kulture-studentski-grad\/\">Beograd &#8211; Dom kulture Studentski grad<\/a><\/blockquote><iframe loading=\"lazy\" class=\"wp-embedded-content\" sandbox=\"allow-scripts\" security=\"restricted\" style=\"position: absolute; visibility: hidden;\" title=\"&#8220;Beograd &#8211; Dom kulture Studentski grad&#8221; &#8212; Laboratorija za eksperimentalnu astrobiologiju - LEA\" src=\"https:\/\/lea.ipb.ac.rs\/index.php\/2026\/04\/27\/beograd-dom-kulture-studentski-grad\/embed\/#?secret=6aCfsaVKWz#?secret=0uW48o9wEn\" data-secret=\"0uW48o9wEn\" width=\"500\" height=\"282\" frameborder=\"0\" marginwidth=\"0\" marginheight=\"0\" scrolling=\"no\"><\/iframe>\n<\/div><\/figure>\n","protected":false},"excerpt":{"rendered":"<p>Na ovoj stranici mo\u017eete prona\u0107i sve aktuelne informacije i novosti u vezi sa projektom, uklju\u010duju\u0107i najave izlo\u017ebi, doga\u0111aja i prate\u0107ih [&hellip;]<\/p>\n","protected":false},"author":1,"featured_media":0,"parent":0,"menu_order":0,"comment_status":"closed","ping_status":"closed","template":"","meta":{"_acf_changed":false,"inline_featured_image":false,"site-sidebar-layout":"default","site-content-layout":"","ast-site-content-layout":"default","site-content-style":"default","site-sidebar-style":"default","ast-global-header-display":"","ast-banner-title-visibility":"","ast-main-header-display":"","ast-hfb-above-header-display":"","ast-hfb-below-header-display":"","ast-hfb-mobile-header-display":"","site-post-title":"","ast-breadcrumbs-content":"","ast-featured-img":"","footer-sml-layout":"","theme-transparent-header-meta":"","adv-header-id-meta":"","stick-header-meta":"","header-above-stick-meta":"","header-main-stick-meta":"","header-below-stick-meta":"","astra-migrate-meta-layouts":"default","ast-page-background-enabled":"default","ast-page-background-meta":{"desktop":{"background-color":"var(--ast-global-color-5)","background-image":"","background-repeat":"repeat","background-position":"center center","background-size":"auto","background-attachment":"scroll","background-type":"","background-media":"","overlay-type":"","overlay-color":"","overlay-opacity":"","overlay-gradient":""},"tablet":{"background-color":"","background-image":"","background-repeat":"repeat","background-position":"center center","background-size":"auto","background-attachment":"scroll","background-type":"","background-media":"","overlay-type":"","overlay-color":"","overlay-opacity":"","overlay-gradient":""},"mobile":{"background-color":"","background-image":"","background-repeat":"repeat","background-position":"center center","background-size":"auto","background-attachment":"scroll","background-type":"","background-media":"","overlay-type":"","overlay-color":"","overlay-opacity":"","overlay-gradient":""}},"ast-content-background-meta":{"desktop":{"background-color":"var(--ast-global-color-4)","background-image":"","background-repeat":"repeat","background-position":"center center","background-size":"auto","background-attachment":"scroll","background-type":"","background-media":"","overlay-type":"","overlay-color":"","overlay-opacity":"","overlay-gradient":""},"tablet":{"background-color":"var(--ast-global-color-4)","background-image":"","background-repeat":"repeat","background-position":"center center","background-size":"auto","background-attachment":"scroll","background-type":"","background-media":"","overlay-type":"","overlay-color":"","overlay-opacity":"","overlay-gradient":""},"mobile":{"background-color":"var(--ast-global-color-4)","background-image":"","background-repeat":"repeat","background-position":"center center","background-size":"auto","background-attachment":"scroll","background-type":"","background-media":"","overlay-type":"","overlay-color":"","overlay-opacity":"","overlay-gradient":""}},"footnotes":""},"class_list":["post-450","page","type-page","status-publish","hentry"],"acf":[],"_links":{"self":[{"href":"https:\/\/lea.ipb.ac.rs\/index.php\/wp-json\/wp\/v2\/pages\/450","targetHints":{"allow":["GET"]}}],"collection":[{"href":"https:\/\/lea.ipb.ac.rs\/index.php\/wp-json\/wp\/v2\/pages"}],"about":[{"href":"https:\/\/lea.ipb.ac.rs\/index.php\/wp-json\/wp\/v2\/types\/page"}],"author":[{"embeddable":true,"href":"https:\/\/lea.ipb.ac.rs\/index.php\/wp-json\/wp\/v2\/users\/1"}],"replies":[{"embeddable":true,"href":"https:\/\/lea.ipb.ac.rs\/index.php\/wp-json\/wp\/v2\/comments?post=450"}],"version-history":[{"count":8,"href":"https:\/\/lea.ipb.ac.rs\/index.php\/wp-json\/wp\/v2\/pages\/450\/revisions"}],"predecessor-version":[{"id":545,"href":"https:\/\/lea.ipb.ac.rs\/index.php\/wp-json\/wp\/v2\/pages\/450\/revisions\/545"}],"wp:attachment":[{"href":"https:\/\/lea.ipb.ac.rs\/index.php\/wp-json\/wp\/v2\/media?parent=450"}],"curies":[{"name":"wp","href":"https:\/\/api.w.org\/{rel}","templated":true}]}}