{"id":48,"date":"2025-04-01T16:16:27","date_gmt":"2025-04-01T16:16:27","guid":{"rendered":"https:\/\/lea.ipb.ac.rs\/?page_id=48"},"modified":"2026-04-26T09:05:01","modified_gmt":"2026-04-26T09:05:01","slug":"o-nama","status":"publish","type":"page","link":"https:\/\/lea.ipb.ac.rs\/index.php\/o-nama\/","title":{"rendered":"O nama"},"content":{"rendered":"\n<figure class=\"wp-block-gallery alignleft has-nested-images columns-default is-cropped wp-block-gallery-1 is-layout-flex wp-block-gallery-is-layout-flex\">\n<figure class=\"wp-block-image size-large\"><img loading=\"lazy\" decoding=\"async\" width=\"50\" height=\"50\" data-id=\"108\" src=\"https:\/\/lea.ipb.ac.rs\/wp-content\/uploads\/2025\/04\/Blue-Minimal-Bold-Astronomy-Logo-1.svg\" alt=\"\" class=\"wp-image-108\"\/><\/figure>\n<\/figure>\n\n\n\n<p class=\"has-text-align-center\">Laboratorija za eksperimentalnu astrobiologiju (LEA) pri Univerzitetu u Beogradu \u2013 Instituta za fiziku Beograd (IPB), uspostavljena je sa ciljem istra\u017eivanja granica biosfere Zemlje i mogu\u0107nosti postojanja \u017eivota u ekstremnim uslovima. <\/p>\n\n\n\n<p class=\"has-text-align-center\">Istra\u017eivanja u okviru na\u0161e laboratorije uklju\u010duju izolovanje, kultivisanje i eksperimentalnu evoluciju mikroorganizama u simuliranim vanzemaljskim uslovima, kao \u0161to su oblaci Venere. Izolacija ekstremofila sa Zemlje iz okru\u017eenja sli\u010dnih tim uslovima i prou\u010davanje njihove dugotrajne adaptacije generi\u0161u inovativni potencijal, uklju\u010duju\u0107i zelenu sintezu, nove senzore za detekciju \u017eivota i primenu ekstremofila u industrijskoj biotehnologiji.<\/p>\n\n\n\n<p>Na\u0161 rad predstavlja pionirski iskorak mikrobiologije u svet eksperimentalne astrobiologije u Srbiji i regionu. Nadamo se da \u0107e na\u0161a istra\u017eivanja napraviti mali doprinos \u0161irenju Kopernikanskog principa na \u017eivot.<\/p>\n\n\n\n<p>\u010clanovi LEA:<\/p>\n\n\n\n<ul class=\"wp-block-list\">\n<li>Rukovodilac laboratorije \u2013 redovni profesor i nau\u010dni savetnik dr Tanja Beri\u0107 (tanjab@ipb.ac.rs)<\/li>\n\n\n\n<li>Nau\u010dni saradnik dr Iva Rosi\u0107 (riva@ipb.ac.rs)<\/li>\n\n\n\n<li>Nau\u010dni saradnik dr Marina Soki\u0107 (amarina@ipb.ac.rs)<\/li>\n\n\n\n<li>Istra\u017eiva\u010d saradnik MSc Ivana Mari\u0107 (mivana@ipb.ac.rs)<\/li>\n\n\n\n<li>Istra\u017eiva\u010d pripravnik MSc Maksim Karanovi\u0107 (maksimk@ipb.ac.rs)<\/li>\n<\/ul>\n\n\n\n<p><\/p>\n\n\n\n<p class=\"has-text-align-center\">Vi\u0161e o na\u0161im ciljevima i istra\u017eivanjima mo\u017eete pogledati i u okviru emisije &#8220;Pogled kroz fiziku&#8221;:<\/p>\n\n\n\n<p class=\"has-text-align-center\"> <a href=\"https:\/\/youtu.be\/z0iJQXC_zfM?si=SnrFqrXeRXyRHPAL\">https:\/\/youtu.be\/z0iJQXC_zfM?si=SnrFqrXeRXyRHPAL<\/a> <\/p>\n\n\n\n<p class=\"has-text-align-center\">(Proizvodnja: Institut za fiziku u Beogradu, 2026. godina)<\/p>\n","protected":false},"excerpt":{"rendered":"<p>Laboratorija za eksperimentalnu astrobiologiju (LEA) pri Univerzitetu u Beogradu \u2013 Instituta za fiziku Beograd (IPB), uspostavljena je sa ciljem istra\u017eivanja [&hellip;]<\/p>\n","protected":false},"author":1,"featured_media":0,"parent":0,"menu_order":0,"comment_status":"closed","ping_status":"closed","template":"","meta":{"_acf_changed":false,"inline_featured_image":false,"site-sidebar-layout":"default","site-content-layout":"","ast-site-content-layout":"","site-content-style":"default","site-sidebar-style":"default","ast-global-header-display":"","ast-banner-title-visibility":"","ast-main-header-display":"","ast-hfb-above-header-display":"","ast-hfb-below-header-display":"","ast-hfb-mobile-header-display":"","site-post-title":"disabled","ast-breadcrumbs-content":"","ast-featured-img":"","footer-sml-layout":"","theme-transparent-header-meta":"","adv-header-id-meta":"","stick-header-meta":"","header-above-stick-meta":"","header-main-stick-meta":"","header-below-stick-meta":"","astra-migrate-meta-layouts":"default","ast-page-background-enabled":"default","ast-page-background-meta":{"desktop":{"background-color":"var(--ast-global-color-5)","background-image":"","background-repeat":"repeat","background-position":"center center","background-size":"auto","background-attachment":"scroll","background-type":"","background-media":"","overlay-type":"","overlay-color":"","overlay-opacity":"","overlay-gradient":""},"tablet":{"background-color":"","background-image":"","background-repeat":"repeat","background-position":"center center","background-size":"auto","background-attachment":"scroll","background-type":"","background-media":"","overlay-type":"","overlay-color":"","overlay-opacity":"","overlay-gradient":""},"mobile":{"background-color":"","background-image":"","background-repeat":"repeat","background-position":"center center","background-size":"auto","background-attachment":"scroll","background-type":"","background-media":"","overlay-type":"","overlay-color":"","overlay-opacity":"","overlay-gradient":""}},"ast-content-background-meta":{"desktop":{"background-color":"var(--ast-global-color-4)","background-image":"","background-repeat":"repeat","background-position":"center center","background-size":"auto","background-attachment":"scroll","background-type":"","background-media":"","overlay-type":"","overlay-color":"","overlay-opacity":"","overlay-gradient":""},"tablet":{"background-color":"var(--ast-global-color-4)","background-image":"","background-repeat":"repeat","background-position":"center center","background-size":"auto","background-attachment":"scroll","background-type":"","background-media":"","overlay-type":"","overlay-color":"","overlay-opacity":"","overlay-gradient":""},"mobile":{"background-color":"var(--ast-global-color-4)","background-image":"","background-repeat":"repeat","background-position":"center center","background-size":"auto","background-attachment":"scroll","background-type":"","background-media":"","overlay-type":"","overlay-color":"","overlay-opacity":"","overlay-gradient":""}},"footnotes":""},"class_list":["post-48","page","type-page","status-publish","hentry"],"acf":[],"_links":{"self":[{"href":"https:\/\/lea.ipb.ac.rs\/index.php\/wp-json\/wp\/v2\/pages\/48","targetHints":{"allow":["GET"]}}],"collection":[{"href":"https:\/\/lea.ipb.ac.rs\/index.php\/wp-json\/wp\/v2\/pages"}],"about":[{"href":"https:\/\/lea.ipb.ac.rs\/index.php\/wp-json\/wp\/v2\/types\/page"}],"author":[{"embeddable":true,"href":"https:\/\/lea.ipb.ac.rs\/index.php\/wp-json\/wp\/v2\/users\/1"}],"replies":[{"embeddable":true,"href":"https:\/\/lea.ipb.ac.rs\/index.php\/wp-json\/wp\/v2\/comments?post=48"}],"version-history":[{"count":10,"href":"https:\/\/lea.ipb.ac.rs\/index.php\/wp-json\/wp\/v2\/pages\/48\/revisions"}],"predecessor-version":[{"id":522,"href":"https:\/\/lea.ipb.ac.rs\/index.php\/wp-json\/wp\/v2\/pages\/48\/revisions\/522"}],"wp:attachment":[{"href":"https:\/\/lea.ipb.ac.rs\/index.php\/wp-json\/wp\/v2\/media?parent=48"}],"curies":[{"name":"wp","href":"https:\/\/api.w.org\/{rel}","templated":true}]}}